{"id":609939,"date":"2023-02-23T09:49:43","date_gmt":"2023-02-23T08:49:43","guid":{"rendered":"https:\/\/stock-big.com\/about-stock\/history\/"},"modified":"2024-10-22T07:03:48","modified_gmt":"2024-10-22T05:03:48","slug":"history","status":"publish","type":"page","link":"https:\/\/stock-big.com\/en\/about-stock\/history\/","title":{"rendered":"History"},"content":{"rendered":"\t\t<div data-elementor-type=\"wp-page\" data-elementor-id=\"609939\" class=\"elementor elementor-609939 elementor-602311\" data-elementor-post-type=\"page\">\n\t\t\t\t\t\t<section class=\"elementor-section elementor-top-section elementor-element elementor-element-12747ce elementor-section-full_width elementor-section-content-middle elementor-section-stretched elementor-section-height-default elementor-section-height-default\" data-id=\"12747ce\" data-element_type=\"section\" data-e-type=\"section\" data-settings=\"{&quot;stretch_section&quot;:&quot;section-stretched&quot;}\">\n\t\t\t\t\t\t<div class=\"elementor-container elementor-column-gap-no\">\n\t\t\t\t\t<div class=\"elementor-column elementor-col-100 elementor-top-column elementor-element elementor-element-367dc5d\" data-id=\"367dc5d\" data-element_type=\"column\" data-e-type=\"column\">\n\t\t\t<div class=\"elementor-widget-wrap elementor-element-populated\">\n\t\t\t\t\t\t<div class=\"elementor-element elementor-element-3ab04eb elementor-widget__width-inherit elementor-widget elementor-widget-image\" data-id=\"3ab04eb\" data-element_type=\"widget\" data-e-type=\"widget\" data-widget_type=\"image.default\">\n\t\t\t\t<div class=\"elementor-widget-container\">\n\t\t\t\t\t\t\t\t\t\t\t\t\t\t\t<img fetchpriority=\"high\" decoding=\"async\" width=\"1900\" height=\"433\" src=\"https:\/\/stock-big.com\/wp-content\/uploads\/2023\/03\/Stock-BIG.jpg\" class=\"attachment-full size-full wp-image-609655\" alt=\"\" srcset=\"https:\/\/stock-big.com\/wp-content\/uploads\/2023\/03\/Stock-BIG.jpg 1900w, https:\/\/stock-big.com\/wp-content\/uploads\/2023\/03\/Stock-BIG-300x68.jpg 300w, https:\/\/stock-big.com\/wp-content\/uploads\/2023\/03\/Stock-BIG-1024x233.jpg 1024w, https:\/\/stock-big.com\/wp-content\/uploads\/2023\/03\/Stock-BIG-768x175.jpg 768w, https:\/\/stock-big.com\/wp-content\/uploads\/2023\/03\/Stock-BIG-1536x350.jpg 1536w, https:\/\/stock-big.com\/wp-content\/uploads\/2023\/03\/Stock-BIG-24x5.jpg 24w, https:\/\/stock-big.com\/wp-content\/uploads\/2023\/03\/Stock-BIG-36x8.jpg 36w, https:\/\/stock-big.com\/wp-content\/uploads\/2023\/03\/Stock-BIG-48x11.jpg 48w\" sizes=\"(max-width: 1900px) 100vw, 1900px\" \/>\t\t\t\t\t\t\t\t\t\t\t\t\t\t\t<\/div>\n\t\t\t\t<\/div>\n\t\t\t\t\t<\/div>\n\t\t<\/div>\n\t\t\t\t\t<\/div>\n\t\t<\/section>\n\t\t\t\t<section class=\"elementor-section elementor-top-section elementor-element elementor-element-be21dd8 elementor-section-boxed elementor-section-height-default elementor-section-height-default\" data-id=\"be21dd8\" data-element_type=\"section\" data-e-type=\"section\">\n\t\t\t\t\t\t<div class=\"elementor-container elementor-column-gap-default\">\n\t\t\t\t\t<div class=\"elementor-column elementor-col-100 elementor-top-column elementor-element elementor-element-2212ed2\" data-id=\"2212ed2\" data-element_type=\"column\" data-e-type=\"column\">\n\t\t\t<div class=\"elementor-widget-wrap elementor-element-populated\">\n\t\t\t\t\t\t<div class=\"elementor-element elementor-element-d9479ce elementor-widget elementor-widget-breadcrumbs\" data-id=\"d9479ce\" data-element_type=\"widget\" data-e-type=\"widget\" data-widget_type=\"breadcrumbs.default\">\n\t\t\t\t<div class=\"elementor-widget-container\">\n\t\t\t\t\t<p id=\"breadcrumbs\"><span><span><a href=\"https:\/\/stock-big.com\/en\/\">Homepage<\/a><\/span><\/span><\/p>\t\t\t\t<\/div>\n\t\t\t\t<\/div>\n\t\t\t\t\t<\/div>\n\t\t<\/div>\n\t\t\t\t\t<\/div>\n\t\t<\/section>\n\t\t\t\t<section class=\"elementor-section elementor-top-section elementor-element elementor-element-3cbc319 elementor-section-boxed elementor-section-height-default elementor-section-height-default\" data-id=\"3cbc319\" data-element_type=\"section\" data-e-type=\"section\">\n\t\t\t\t\t\t<div class=\"elementor-container elementor-column-gap-default\">\n\t\t\t\t\t<div class=\"elementor-column elementor-col-100 elementor-top-column elementor-element elementor-element-0e5923e\" data-id=\"0e5923e\" data-element_type=\"column\" data-e-type=\"column\">\n\t\t\t<div class=\"elementor-widget-wrap elementor-element-populated\">\n\t\t\t\t\t\t<div class=\"elementor-element elementor-element-4bcb7a6 elementor-widget elementor-widget-heading\" data-id=\"4bcb7a6\" data-element_type=\"widget\" data-e-type=\"widget\" data-widget_type=\"heading.default\">\n\t\t\t\t<div class=\"elementor-widget-container\">\n\t\t\t\t\t<h1 class=\"elementor-heading-title elementor-size-default\">We have tradition - We have not just been around since yesterday.<\/h1>\t\t\t\t<\/div>\n\t\t\t\t<\/div>\n\t\t\t\t\t<\/div>\n\t\t<\/div>\n\t\t\t\t\t<\/div>\n\t\t<\/section>\n\t\t\t\t<section class=\"elementor-section elementor-top-section elementor-element elementor-element-02cd508 elementor-section-boxed elementor-section-height-default elementor-section-height-default\" data-id=\"02cd508\" data-element_type=\"section\" data-e-type=\"section\">\n\t\t\t\t\t\t<div class=\"elementor-container elementor-column-gap-default\">\n\t\t\t\t\t<div class=\"elementor-column elementor-col-66 elementor-top-column elementor-element elementor-element-3284c1e\" data-id=\"3284c1e\" data-element_type=\"column\" data-e-type=\"column\">\n\t\t\t<div class=\"elementor-widget-wrap elementor-element-populated\">\n\t\t\t\t\t\t<div class=\"elementor-element elementor-element-3cdd720 elementor-widget elementor-widget-text-editor\" data-id=\"3cdd720\" data-element_type=\"widget\" data-e-type=\"widget\" data-widget_type=\"text-editor.default\">\n\t\t\t\t<div class=\"elementor-widget-container\">\n\t\t\t\t\t\t\t\t\t<p>History and tradition. In 1968, the first business is conducted in the yard of a detached house in Trittau. The garage serves as storage for the construction machinery. As a former employee of Leo Ross in Berlin, the largest company for construction tools at the time, J\u00fcrgen Stock brings years of experience and the necessary knowledge from the industry with him.<\/p><p>His sons J\u00f6rn and Ulrich, as well as his daughter Wiebke, practically grow up with the company and experience the move to the Barsb\u00fcttel suburb of Stellau in 1970. There, the converted barns on a farm become the new company headquarters. In 1989, J\u00fcrgen Stock already employs 17 people and moves to a larger location. He buys a plot of land in the brand new B\u00fcltbek industrial estate in Siek near Hamburg and builds the company building that is still there today.<\/p><p>But then the Wall comes down and the senior boss travels to Gallin (near Zarrentin), where he was once for the evacuation of children to mutual areas. The journey into the past gives rise to the first branch of Stock&#8217;s company. &#8220;There was a great need for construction machinery,&#8221; explains J\u00f6rn Stock. And so other branches followed in the next few years, some of which, however, were closed again after the recession in the construction industry in the mid-nineties. To this day, STOCK &#8211; B.I.G. GmbH has two branches in Berlin and Rostock.<\/p><p>Taking into account the decades of experience from rental and service (repair), the in-house production of mixing pumps and plastering machines is started in 2007 under the brand &gt;stockbig\u00ae Germany. The driving force behind the new brand is the conviction to offer the best quality, price and performance ratio on the market with &gt;stockbig\u00ae machines. This is our story.<\/p>\t\t\t\t\t\t\t\t<\/div>\n\t\t\t\t<\/div>\n\t\t\t\t\t<\/div>\n\t\t<\/div>\n\t\t\t\t<div class=\"elementor-column elementor-col-33 elementor-top-column elementor-element elementor-element-181b465\" data-id=\"181b465\" data-element_type=\"column\" data-e-type=\"column\">\n\t\t\t<div class=\"elementor-widget-wrap elementor-element-populated\">\n\t\t\t\t\t\t<div class=\"elementor-element elementor-element-5fdafd4 elementor-widget elementor-widget-video\" data-id=\"5fdafd4\" data-element_type=\"widget\" data-e-type=\"widget\" data-settings=\"{&quot;video_type&quot;:&quot;hosted&quot;,&quot;controls&quot;:&quot;yes&quot;}\" data-widget_type=\"video.default\">\n\t\t\t\t<div class=\"elementor-widget-container\">\n\t\t\t\t\t\t\t<div class=\"e-hosted-video elementor-wrapper elementor-open-inline\">\n\t\t\t\t\t<video class=\"elementor-video\" src=\"https:\/\/stock-big.com\/wp-content\/uploads\/2020\/06\/large.mov\" controls=\"\" preload=\"metadata\" controlsList=\"nodownload\" poster=\"https:\/\/stock-big.com\/wp-content\/uploads\/2020\/11\/stock_big_unternehmen_68.jpg\"><\/video>\n\t\t\t\t<\/div>\n\t\t\t\t\t\t<\/div>\n\t\t\t\t<\/div>\n\t\t\t\t\t<\/div>\n\t\t<\/div>\n\t\t\t\t\t<\/div>\n\t\t<\/section>\n\t\t\t\t<\/div>\n\t\t","protected":false},"excerpt":{"rendered":"<p>We have tradition &#8211; We have not just been around since yesterday. History and tradition. In 1968, the first business is conducted in the yard of a detached house in Trittau. The garage serves as storage for the construction machinery. As a former employee of Leo Ross in Berlin, the largest company for construction tools [&hellip;]<\/p>\n","protected":false},"author":7,"featured_media":0,"parent":609879,"menu_order":0,"comment_status":"closed","ping_status":"closed","template":"","meta":{"footnotes":""},"class_list":["post-609939","page","type-page","status-publish","hentry","wpbf-post"],"yoast_head":"<!-- This site is optimized with the Yoast SEO Premium plugin v24.8 (Yoast SEO v27.2) - https:\/\/yoast.com\/product\/yoast-seo-premium-wordpress\/ -->\n<title>We have History | STOCK - B.I.G. GmbH<\/title>\n<meta name=\"description\" content=\"Since 1968, we have continuously developed into a leading company in the construction industry in northern Germany.\" \/>\n<meta name=\"robots\" content=\"index, follow, max-snippet:-1, max-image-preview:large, max-video-preview:-1\" \/>\n<link rel=\"canonical\" href=\"https:\/\/stock-big.com\/en\/about-stock\/history\/\" \/>\n<meta property=\"og:locale\" content=\"en_US\" \/>\n<meta property=\"og:type\" content=\"article\" \/>\n<meta property=\"og:title\" content=\"History\" \/>\n<meta property=\"og:description\" content=\"Since 1968, we have continuously developed into a leading company in the construction industry in northern Germany.\" \/>\n<meta property=\"og:url\" content=\"https:\/\/stock-big.com\/en\/about-stock\/history\/\" \/>\n<meta property=\"og:site_name\" content=\"STOCK - B.I.G. GmbH\" \/>\n<meta property=\"article:modified_time\" content=\"2024-10-22T05:03:48+00:00\" \/>\n<meta property=\"og:image\" content=\"https:\/\/stock-big.com\/wp-content\/uploads\/2023\/03\/Stock-BIG.jpg\" \/>\n<meta name=\"twitter:card\" content=\"summary_large_image\" \/>\n<meta name=\"twitter:label1\" content=\"Est. reading time\" \/>\n\t<meta name=\"twitter:data1\" content=\"2 minutes\" \/>\n<script type=\"application\/ld+json\" class=\"yoast-schema-graph\">{\"@context\":\"https:\/\/schema.org\",\"@graph\":[{\"@type\":\"WebPage\",\"@id\":\"https:\/\/stock-big.com\/en\/about-stock\/history\/\",\"url\":\"https:\/\/stock-big.com\/en\/about-stock\/history\/\",\"name\":\"We have History | STOCK - B.I.G. GmbH\",\"isPartOf\":{\"@id\":\"https:\/\/stock-big.com\/en\/#website\"},\"primaryImageOfPage\":{\"@id\":\"https:\/\/stock-big.com\/en\/about-stock\/history\/#primaryimage\"},\"image\":{\"@id\":\"https:\/\/stock-big.com\/en\/about-stock\/history\/#primaryimage\"},\"thumbnailUrl\":\"https:\/\/stock-big.com\/wp-content\/uploads\/2023\/03\/Stock-BIG.jpg\",\"datePublished\":\"2023-02-23T08:49:43+00:00\",\"dateModified\":\"2024-10-22T05:03:48+00:00\",\"description\":\"Since 1968, we have continuously developed into a leading company in the construction industry in northern Germany.\",\"breadcrumb\":{\"@id\":\"https:\/\/stock-big.com\/en\/about-stock\/history\/#breadcrumb\"},\"inLanguage\":\"en-US\",\"potentialAction\":[{\"@type\":\"ReadAction\",\"target\":[\"https:\/\/stock-big.com\/en\/about-stock\/history\/\"]}]},{\"@type\":\"ImageObject\",\"inLanguage\":\"en-US\",\"@id\":\"https:\/\/stock-big.com\/en\/about-stock\/history\/#primaryimage\",\"url\":\"https:\/\/stock-big.com\/wp-content\/uploads\/2023\/03\/Stock-BIG.jpg\",\"contentUrl\":\"https:\/\/stock-big.com\/wp-content\/uploads\/2023\/03\/Stock-BIG.jpg\"},{\"@type\":\"BreadcrumbList\",\"@id\":\"https:\/\/stock-big.com\/en\/about-stock\/history\/#breadcrumb\",\"itemListElement\":[{\"@type\":\"ListItem\",\"position\":1,\"name\":\"Homepage\",\"item\":\"https:\/\/stock-big.com\/en\/\"},{\"@type\":\"ListItem\",\"position\":2,\"name\":\"About STOCK\",\"item\":\"https:\/\/stock-big.com\/en\/ueber-uns\/\"},{\"@type\":\"ListItem\",\"position\":3,\"name\":\"History\"}]},{\"@type\":\"WebSite\",\"@id\":\"https:\/\/stock-big.com\/en\/#website\",\"url\":\"https:\/\/stock-big.com\/en\/\",\"name\":\"STOCK - B.I.G. GmbH\",\"description\":\"Baumaschinenhandel in Norddeutschland\",\"publisher\":{\"@id\":\"https:\/\/stock-big.com\/en\/#organization\"},\"potentialAction\":[{\"@type\":\"SearchAction\",\"target\":{\"@type\":\"EntryPoint\",\"urlTemplate\":\"https:\/\/stock-big.com\/en\/?s={search_term_string}\"},\"query-input\":{\"@type\":\"PropertyValueSpecification\",\"valueRequired\":true,\"valueName\":\"search_term_string\"}}],\"inLanguage\":\"en-US\"},{\"@type\":\"Organization\",\"@id\":\"https:\/\/stock-big.com\/en\/#organization\",\"name\":\"STOCK - B.I.G. GmbH\",\"alternateName\":\"Stockbig\",\"url\":\"https:\/\/stock-big.com\/en\/\",\"logo\":{\"@type\":\"ImageObject\",\"inLanguage\":\"en-US\",\"@id\":\"https:\/\/stock-big.com\/en\/#\/schema\/logo\/image\/\",\"url\":\"https:\/\/stock-big.com\/wp-content\/uploads\/2023\/07\/STOCK-Logo.jpg\",\"contentUrl\":\"https:\/\/stock-big.com\/wp-content\/uploads\/2023\/07\/STOCK-Logo.jpg\",\"width\":600,\"height\":600,\"caption\":\"STOCK - B.I.G. GmbH\"},\"image\":{\"@id\":\"https:\/\/stock-big.com\/en\/#\/schema\/logo\/image\/\"}}]}<\/script>\n<!-- \/ Yoast SEO Premium plugin. -->","yoast_head_json":{"title":"We have History | STOCK - B.I.G. GmbH","description":"Since 1968, we have continuously developed into a leading company in the construction industry in northern Germany.","robots":{"index":"index","follow":"follow","max-snippet":"max-snippet:-1","max-image-preview":"max-image-preview:large","max-video-preview":"max-video-preview:-1"},"canonical":"https:\/\/stock-big.com\/en\/about-stock\/history\/","og_locale":"en_US","og_type":"article","og_title":"History","og_description":"Since 1968, we have continuously developed into a leading company in the construction industry in northern Germany.","og_url":"https:\/\/stock-big.com\/en\/about-stock\/history\/","og_site_name":"STOCK - B.I.G. GmbH","article_modified_time":"2024-10-22T05:03:48+00:00","og_image":[{"url":"https:\/\/stock-big.com\/wp-content\/uploads\/2023\/03\/Stock-BIG.jpg","type":"","width":"","height":""}],"twitter_card":"summary_large_image","twitter_misc":{"Est. reading time":"2 minutes"},"schema":{"@context":"https:\/\/schema.org","@graph":[{"@type":"WebPage","@id":"https:\/\/stock-big.com\/en\/about-stock\/history\/","url":"https:\/\/stock-big.com\/en\/about-stock\/history\/","name":"We have History | STOCK - B.I.G. GmbH","isPartOf":{"@id":"https:\/\/stock-big.com\/en\/#website"},"primaryImageOfPage":{"@id":"https:\/\/stock-big.com\/en\/about-stock\/history\/#primaryimage"},"image":{"@id":"https:\/\/stock-big.com\/en\/about-stock\/history\/#primaryimage"},"thumbnailUrl":"https:\/\/stock-big.com\/wp-content\/uploads\/2023\/03\/Stock-BIG.jpg","datePublished":"2023-02-23T08:49:43+00:00","dateModified":"2024-10-22T05:03:48+00:00","description":"Since 1968, we have continuously developed into a leading company in the construction industry in northern Germany.","breadcrumb":{"@id":"https:\/\/stock-big.com\/en\/about-stock\/history\/#breadcrumb"},"inLanguage":"en-US","potentialAction":[{"@type":"ReadAction","target":["https:\/\/stock-big.com\/en\/about-stock\/history\/"]}]},{"@type":"ImageObject","inLanguage":"en-US","@id":"https:\/\/stock-big.com\/en\/about-stock\/history\/#primaryimage","url":"https:\/\/stock-big.com\/wp-content\/uploads\/2023\/03\/Stock-BIG.jpg","contentUrl":"https:\/\/stock-big.com\/wp-content\/uploads\/2023\/03\/Stock-BIG.jpg"},{"@type":"BreadcrumbList","@id":"https:\/\/stock-big.com\/en\/about-stock\/history\/#breadcrumb","itemListElement":[{"@type":"ListItem","position":1,"name":"Homepage","item":"https:\/\/stock-big.com\/en\/"},{"@type":"ListItem","position":2,"name":"About STOCK","item":"https:\/\/stock-big.com\/en\/ueber-uns\/"},{"@type":"ListItem","position":3,"name":"History"}]},{"@type":"WebSite","@id":"https:\/\/stock-big.com\/en\/#website","url":"https:\/\/stock-big.com\/en\/","name":"STOCK - B.I.G. GmbH","description":"Baumaschinenhandel in Norddeutschland","publisher":{"@id":"https:\/\/stock-big.com\/en\/#organization"},"potentialAction":[{"@type":"SearchAction","target":{"@type":"EntryPoint","urlTemplate":"https:\/\/stock-big.com\/en\/?s={search_term_string}"},"query-input":{"@type":"PropertyValueSpecification","valueRequired":true,"valueName":"search_term_string"}}],"inLanguage":"en-US"},{"@type":"Organization","@id":"https:\/\/stock-big.com\/en\/#organization","name":"STOCK - B.I.G. GmbH","alternateName":"Stockbig","url":"https:\/\/stock-big.com\/en\/","logo":{"@type":"ImageObject","inLanguage":"en-US","@id":"https:\/\/stock-big.com\/en\/#\/schema\/logo\/image\/","url":"https:\/\/stock-big.com\/wp-content\/uploads\/2023\/07\/STOCK-Logo.jpg","contentUrl":"https:\/\/stock-big.com\/wp-content\/uploads\/2023\/07\/STOCK-Logo.jpg","width":600,"height":600,"caption":"STOCK - B.I.G. GmbH"},"image":{"@id":"https:\/\/stock-big.com\/en\/#\/schema\/logo\/image\/"}}]}},"_links":{"self":[{"href":"https:\/\/stock-big.com\/en\/wp-json\/wp\/v2\/pages\/609939","targetHints":{"allow":["GET"]}}],"collection":[{"href":"https:\/\/stock-big.com\/en\/wp-json\/wp\/v2\/pages"}],"about":[{"href":"https:\/\/stock-big.com\/en\/wp-json\/wp\/v2\/types\/page"}],"author":[{"embeddable":true,"href":"https:\/\/stock-big.com\/en\/wp-json\/wp\/v2\/users\/7"}],"replies":[{"embeddable":true,"href":"https:\/\/stock-big.com\/en\/wp-json\/wp\/v2\/comments?post=609939"}],"version-history":[{"count":5,"href":"https:\/\/stock-big.com\/en\/wp-json\/wp\/v2\/pages\/609939\/revisions"}],"predecessor-version":[{"id":612867,"href":"https:\/\/stock-big.com\/en\/wp-json\/wp\/v2\/pages\/609939\/revisions\/612867"}],"up":[{"embeddable":true,"href":"https:\/\/stock-big.com\/en\/wp-json\/wp\/v2\/pages\/609879"}],"wp:attachment":[{"href":"https:\/\/stock-big.com\/en\/wp-json\/wp\/v2\/media?parent=609939"}],"curies":[{"name":"wp","href":"https:\/\/api.w.org\/{rel}","templated":true}]}}